{"id":751,"date":"2018-08-31T17:01:28","date_gmt":"2018-08-31T20:01:28","guid":{"rendered":"https:\/\/ensmonteros-tuc.infd.edu.ar\/sitio\/plan-de-estudios-3\/"},"modified":"2020-11-25T15:58:50","modified_gmt":"2020-11-25T18:58:50","slug":"plan-de-estudios-3-profesorado-de-educacion-inicial","status":"publish","type":"page","link":"https:\/\/ensmonteros-tuc.infd.edu.ar\/sitio\/plan-de-estudios-3-profesorado-de-educacion-inicial\/","title":{"rendered":"Plan de estudios: Profesorado de Educaci\u00f3n Inicial"},"content":{"rendered":"<p><span style=\"color: #000000; font-family: Verdana; font-size: small;\">Ac\u00e1 va el plan de estudios.<\/span><\/p>\n<table width=\"646\">\n<tbody>\n<tr>\n<td width=\"435\"><strong>Unidades Curriculares <\/strong><\/p>\n<p><strong>Primer a\u00f1o<\/strong><\/td>\n<td width=\"60\"><strong>Anual<\/strong><\/td>\n<td width=\"76\"><strong>1\u00b0 Cuat.<\/strong><\/td>\n<td width=\"76\"><strong>2\u00b0Cuat.<\/strong><\/td>\n<\/tr>\n<tr>\n<td width=\"435\">Pedagog\u00eda<\/td>\n<td width=\"60\">\n<ul>\n<li><\/li>\n<\/ul>\n<\/td>\n<td width=\"76\"><\/td>\n<td width=\"76\"><\/td>\n<\/tr>\n<tr>\n<td width=\"435\">Psicolog\u00eda Educacional<\/td>\n<td width=\"60\">\n<ul>\n<li><\/li>\n<\/ul>\n<\/td>\n<td width=\"76\"><\/td>\n<td width=\"76\"><\/td>\n<\/tr>\n<tr>\n<td width=\"435\">Did\u00e1ctica General<\/td>\n<td width=\"60\">\n<ul>\n<li><\/li>\n<\/ul>\n<\/td>\n<td width=\"76\"><\/td>\n<td width=\"76\"><\/td>\n<\/tr>\n<tr>\n<td width=\"435\">Lectura Escritura y Oralidad<\/td>\n<td width=\"60\">\n<ul>\n<li><\/li>\n<\/ul>\n<\/td>\n<td width=\"76\"><\/td>\n<td width=\"76\"><\/td>\n<\/tr>\n<tr>\n<td width=\"435\">\u00a0Problem\u00e1tica de la Educaci\u00f3n Inicial<\/td>\n<td width=\"60\">\n<ul>\n<li><\/li>\n<\/ul>\n<\/td>\n<td width=\"76\"><\/td>\n<td width=\"76\"><\/td>\n<\/tr>\n<tr>\n<td width=\"435\">Psicolog\u00eda del Desarrollo: Sujeto del Nivel Inicial I<\/td>\n<td width=\"60\">\n<ul>\n<li><\/li>\n<\/ul>\n<\/td>\n<td width=\"76\"><\/td>\n<td width=\"76\"><\/td>\n<\/tr>\n<tr>\n<td width=\"435\">Matem\u00e1tica<\/td>\n<td width=\"60\">\n<ul>\n<li><\/li>\n<\/ul>\n<\/td>\n<td width=\"76\"><\/td>\n<td width=\"76\"><\/td>\n<\/tr>\n<tr>\n<td width=\"435\">Lengua y Literatura<\/td>\n<td width=\"60\">\n<ul>\n<li><\/li>\n<\/ul>\n<\/td>\n<td width=\"76\"><\/td>\n<td width=\"76\"><\/td>\n<\/tr>\n<tr>\n<td width=\"435\">Taller de Juego y Actividad L\u00fadica<\/td>\n<td width=\"60\">\n<ul>\n<li><\/li>\n<\/ul>\n<\/td>\n<td width=\"76\"><\/td>\n<td width=\"76\"><\/td>\n<\/tr>\n<tr>\n<td width=\"435\">Expresi\u00f3n Art\u00edstica \/Expresi\u00f3n Corporal<\/td>\n<td width=\"60\">\n<ul>\n<li><\/li>\n<\/ul>\n<\/td>\n<td width=\"76\"><\/td>\n<td width=\"76\"><\/td>\n<\/tr>\n<tr>\n<td width=\"435\">Pr\u00e1ctica Profesional I<\/td>\n<td width=\"60\">\n<ul>\n<li><\/li>\n<\/ul>\n<\/td>\n<td width=\"76\"><\/td>\n<td width=\"76\"><\/td>\n<\/tr>\n<tr>\n<td width=\"435\">Segundo A\u00f1o<\/td>\n<td width=\"60\"><\/td>\n<td width=\"76\"><\/td>\n<td width=\"76\"><\/td>\n<\/tr>\n<tr>\n<td width=\"435\">Historia y Pol\u00edtica Educacional Argentina<\/td>\n<td width=\"60\">\n<ul>\n<li><\/li>\n<\/ul>\n<\/td>\n<td width=\"76\"><\/td>\n<td width=\"76\"><\/td>\n<\/tr>\n<tr>\n<td width=\"435\">Sociolog\u00eda de la Educaci\u00f3n<\/td>\n<td width=\"60\">\n<ul>\n<li><\/li>\n<\/ul>\n<\/td>\n<td width=\"76\"><\/td>\n<td width=\"76\"><\/td>\n<\/tr>\n<tr>\n<td width=\"435\">Tecnolog\u00eda de la informaci\u00f3n y la Comunicaci\u00f3n<\/td>\n<td width=\"60\">\n<ul>\n<li><\/li>\n<\/ul>\n<\/td>\n<td width=\"76\"><\/td>\n<td width=\"76\"><\/td>\n<\/tr>\n<tr>\n<td width=\"435\">EDI<\/td>\n<td width=\"60\">\n<ul>\n<li><\/li>\n<\/ul>\n<\/td>\n<td width=\"76\"><\/td>\n<td width=\"76\"><\/td>\n<\/tr>\n<tr>\n<td width=\"435\">Psicolog\u00eda del Desarrollo: Sujeto del Nivel Inicial II<\/td>\n<td width=\"60\">\n<ul>\n<li><\/li>\n<\/ul>\n<\/td>\n<td width=\"76\"><\/td>\n<td width=\"76\"><\/td>\n<\/tr>\n<tr>\n<td width=\"435\">Did\u00e1ctica del Nivel Inicial<\/td>\n<td width=\"60\">\n<ul>\n<li><\/li>\n<\/ul>\n<\/td>\n<td width=\"76\"><\/td>\n<td width=\"76\"><\/td>\n<\/tr>\n<tr>\n<td width=\"435\">Educaci\u00f3n Psicomotriz (cuerpo, sujeto y movimiento)<\/td>\n<td width=\"60\"><\/td>\n<td width=\"76\">\n<ul>\n<li><\/li>\n<\/ul>\n<\/td>\n<td width=\"76\"><\/td>\n<\/tr>\n<tr>\n<td width=\"435\">Estimulaci\u00f3n, Atenci\u00f3n y Educaci\u00f3n Temprana<\/td>\n<td width=\"60\"><\/td>\n<td width=\"76\"><\/td>\n<td width=\"76\">\n<ul>\n<li><\/li>\n<\/ul>\n<\/td>\n<\/tr>\n<tr>\n<td width=\"435\">Did\u00e1ctica de la Matem\u00e1tica<\/td>\n<td width=\"60\">\n<ul>\n<li><\/li>\n<\/ul>\n<\/td>\n<td width=\"76\"><\/td>\n<td width=\"76\"><\/td>\n<\/tr>\n<tr>\n<td width=\"435\">Did\u00e1ctica de la Lengua y Literatura<\/td>\n<td width=\"60\">\n<ul>\n<li><\/li>\n<\/ul>\n<\/td>\n<td width=\"76\"><\/td>\n<td width=\"76\"><\/td>\n<\/tr>\n<tr>\n<td width=\"435\">Expresi\u00f3n Art\u00edstica: Pl\u00e1stica<\/td>\n<td width=\"60\">\n<ul>\n<li><\/li>\n<\/ul>\n<\/td>\n<td width=\"76\"><\/td>\n<td width=\"76\"><\/td>\n<\/tr>\n<tr>\n<td width=\"435\">Expresi\u00f3n Art\u00edstica: M\u00fasica<\/td>\n<td width=\"60\">\n<ul>\n<li><\/li>\n<\/ul>\n<\/td>\n<td width=\"76\"><\/td>\n<td width=\"76\"><\/td>\n<\/tr>\n<tr>\n<td width=\"435\">EDI<\/td>\n<td width=\"60\">\n<ul>\n<li><\/li>\n<\/ul>\n<\/td>\n<td width=\"76\"><\/td>\n<td width=\"76\"><\/td>\n<\/tr>\n<tr>\n<td width=\"435\">Pr\u00e1ctica Profesional II<\/td>\n<td width=\"60\">\n<ul>\n<li><\/li>\n<\/ul>\n<\/td>\n<td width=\"76\"><\/td>\n<td width=\"76\"><\/td>\n<\/tr>\n<tr>\n<td width=\"435\"><strong><em>Tercer a\u00f1o<\/em><\/strong><\/td>\n<td width=\"60\"><\/td>\n<td width=\"76\"><\/td>\n<td width=\"76\"><\/td>\n<\/tr>\n<tr>\n<td width=\"435\">Filosof\u00eda de la Educaci\u00f3n<\/td>\n<td width=\"60\">\n<ul>\n<li><\/li>\n<\/ul>\n<\/td>\n<td width=\"76\"><\/td>\n<td width=\"76\"><\/td>\n<\/tr>\n<tr>\n<td width=\"435\">Educaci\u00f3n Sexual\u00a0 Integral<\/td>\n<td width=\"60\">\n<ul>\n<li><\/li>\n<\/ul>\n<\/td>\n<td width=\"76\"><\/td>\n<td width=\"76\"><\/td>\n<\/tr>\n<tr>\n<td width=\"435\">Alfabetizaci\u00f3n en el Nivel Inicial<\/td>\n<td width=\"60\">\n<ul>\n<li><\/li>\n<\/ul>\n<\/td>\n<td width=\"76\"><\/td>\n<td width=\"76\"><\/td>\n<\/tr>\n<tr>\n<td width=\"435\">Did\u00e1ctica de la Literatura II<\/td>\n<td width=\"60\">\n<ul>\n<li><\/li>\n<\/ul>\n<\/td>\n<td width=\"76\"><\/td>\n<td width=\"76\"><\/td>\n<\/tr>\n<tr>\n<td width=\"435\">Did\u00e1ctica de las Ciencias Sociales<\/td>\n<td width=\"60\">\n<ul>\n<li><\/li>\n<\/ul>\n<\/td>\n<td width=\"76\"><\/td>\n<td width=\"76\"><\/td>\n<\/tr>\n<tr>\n<td width=\"435\">Did\u00e1ctica de las Ciencias Naturales<\/td>\n<td width=\"60\">\n<ul>\n<li><\/li>\n<\/ul>\n<\/td>\n<td width=\"76\"><\/td>\n<td width=\"76\"><\/td>\n<\/tr>\n<tr>\n<td width=\"435\">Educaci\u00f3n Tecnol\u00f3gica y su Did\u00e1ctica<\/td>\n<td width=\"60\">\n<ul>\n<li><\/li>\n<\/ul>\n<\/td>\n<td width=\"76\"><\/td>\n<td width=\"76\"><\/td>\n<\/tr>\n<tr>\n<td width=\"435\">Did\u00e1ctica de la Matem\u00e1tica<\/td>\n<td width=\"60\">\n<ul>\n<li><\/li>\n<\/ul>\n<\/td>\n<td width=\"76\"><\/td>\n<td width=\"76\"><\/td>\n<\/tr>\n<tr>\n<td width=\"435\">Taller de integraci\u00f3n y ense\u00f1anza de lenguajes art\u00edsticos: Expresi\u00f3n corporal, m\u00fasica y pl\u00e1stica<\/td>\n<td width=\"60\">\n<ul>\n<li><\/li>\n<\/ul>\n<\/td>\n<td width=\"76\"><\/td>\n<td width=\"76\"><\/td>\n<\/tr>\n<tr>\n<td width=\"435\">EDI<\/td>\n<td width=\"60\"><\/td>\n<td width=\"76\">\n<ul>\n<li><\/li>\n<\/ul>\n<\/td>\n<td width=\"76\"><\/td>\n<\/tr>\n<tr>\n<td width=\"435\">EDI<\/td>\n<td width=\"60\"><\/td>\n<td width=\"76\"><\/td>\n<td width=\"76\">\n<ul>\n<li><\/li>\n<\/ul>\n<\/td>\n<\/tr>\n<tr>\n<td width=\"435\">Pr\u00e1ctica Profesional III<\/td>\n<td width=\"60\">\n<ul>\n<li><\/li>\n<\/ul>\n<\/td>\n<td width=\"76\"><\/td>\n<td width=\"76\"><\/td>\n<\/tr>\n<tr>\n<td width=\"435\"><strong>Cuarto A\u00f1o<\/strong><\/td>\n<td width=\"60\"><\/td>\n<td width=\"76\"><\/td>\n<td width=\"76\"><\/td>\n<\/tr>\n<tr>\n<td width=\"435\">Formaci\u00f3n \u00c9tica y Ciudadana<\/td>\n<td width=\"60\">\n<ul>\n<li><\/li>\n<\/ul>\n<\/td>\n<td width=\"76\"><\/td>\n<td width=\"76\"><\/td>\n<\/tr>\n<tr>\n<td width=\"435\">Integraci\u00f3n e Inclusi\u00f3n Educativa<\/td>\n<td width=\"60\">\n<ul>\n<li><\/li>\n<\/ul>\n<\/td>\n<td width=\"76\"><\/td>\n<td width=\"76\"><\/td>\n<\/tr>\n<tr>\n<td width=\"435\">Dise\u00f1o, Ense\u00f1anza y Evaluaci\u00f3n en Matem\u00e1tica<\/td>\n<td width=\"60\">\n<ul>\n<li><\/li>\n<\/ul>\n<\/td>\n<td width=\"76\"><\/td>\n<td width=\"76\"><\/td>\n<\/tr>\n<tr>\n<td width=\"435\">Dise\u00f1o, Ense\u00f1anza y Evaluaci\u00f3n en Lengua y Literatura<\/td>\n<td width=\"60\">\n<ul>\n<li><\/li>\n<\/ul>\n<\/td>\n<td width=\"76\"><\/td>\n<td width=\"76\"><\/td>\n<\/tr>\n<tr>\n<td width=\"435\">Dise\u00f1o, Ense\u00f1anza y Evaluaci\u00f3n en Ciencias Naturales<\/td>\n<td width=\"60\">\n<ul>\n<li><\/li>\n<\/ul>\n<\/td>\n<td width=\"76\"><\/td>\n<td width=\"76\"><\/td>\n<\/tr>\n<tr>\n<td width=\"435\">Dise\u00f1o, Ense\u00f1anza y Evaluaci\u00f3n en Ciencias Sociales<\/td>\n<td width=\"60\">\n<ul>\n<li><\/li>\n<\/ul>\n<\/td>\n<td width=\"76\"><\/td>\n<td width=\"76\"><\/td>\n<\/tr>\n<tr>\n<td width=\"435\">Dise\u00f1o, Ense\u00f1anza y Evaluaci\u00f3n de Lenguajes Art\u00edsticos Integrados: Expresi\u00f3n corporal, m\u00fasica y pl\u00e1stica.<\/td>\n<td width=\"60\">\n<ul>\n<li><\/li>\n<\/ul>\n<\/td>\n<td width=\"76\"><\/td>\n<td width=\"76\"><\/td>\n<\/tr>\n<tr>\n<td width=\"435\">EDI<\/td>\n<td width=\"60\"><\/td>\n<td width=\"76\">\n<ul>\n<li><\/li>\n<\/ul>\n<\/td>\n<td width=\"76\"><\/td>\n<\/tr>\n<tr>\n<td width=\"435\">EDI<\/td>\n<td width=\"60\"><\/td>\n<td width=\"76\"><\/td>\n<td width=\"76\">\n<ul>\n<li><strong>\u00a0<\/strong><\/li>\n<\/ul>\n<\/td>\n<\/tr>\n<tr>\n<td width=\"435\">Pr\u00e1ctica Profesional IV y Residencia Docente<\/td>\n<td width=\"60\">\n<ul>\n<li><\/li>\n<\/ul>\n<\/td>\n<td width=\"76\"><\/td>\n<td width=\"76\"><\/td>\n<\/tr>\n<\/tbody>\n<\/table>\n","protected":false},"excerpt":{"rendered":"<p>Ac\u00e1 va el plan de estudios. Unidades Curriculares Primer a\u00f1o Anual 1\u00b0 Cuat. 2\u00b0Cuat. Pedagog\u00eda Psicolog\u00eda Educacional Did\u00e1ctica General Lectura Escritura y Oralidad \u00a0Problem\u00e1tica de la Educaci\u00f3n Inicial Psicolog\u00eda del Desarrollo: Sujeto del Nivel Inicial I Matem\u00e1tica Lengua y Literatura Taller de Juego y Actividad L\u00fadica Expresi\u00f3n Art\u00edstica \/Expresi\u00f3n Corporal Pr\u00e1ctica Profesional I Segundo A\u00f1o &#8230; <a title=\"Plan de estudios: Profesorado de Educaci\u00f3n Inicial\" class=\"read-more\" href=\"https:\/\/ensmonteros-tuc.infd.edu.ar\/sitio\/plan-de-estudios-3-profesorado-de-educacion-inicial\/\" aria-label=\"More on Plan de estudios: Profesorado de Educaci\u00f3n Inicial\">[+]<\/a><\/p>\n","protected":false},"author":15,"featured_media":0,"parent":0,"menu_order":0,"comment_status":"closed","ping_status":"closed","template":"","meta":[],"acf":[],"_links":{"self":[{"href":"https:\/\/ensmonteros-tuc.infd.edu.ar\/sitio\/wp-json\/wp\/v2\/pages\/751"}],"collection":[{"href":"https:\/\/ensmonteros-tuc.infd.edu.ar\/sitio\/wp-json\/wp\/v2\/pages"}],"about":[{"href":"https:\/\/ensmonteros-tuc.infd.edu.ar\/sitio\/wp-json\/wp\/v2\/types\/page"}],"author":[{"embeddable":true,"href":"https:\/\/ensmonteros-tuc.infd.edu.ar\/sitio\/wp-json\/wp\/v2\/users\/15"}],"replies":[{"embeddable":true,"href":"https:\/\/ensmonteros-tuc.infd.edu.ar\/sitio\/wp-json\/wp\/v2\/comments?post=751"}],"version-history":[{"count":4,"href":"https:\/\/ensmonteros-tuc.infd.edu.ar\/sitio\/wp-json\/wp\/v2\/pages\/751\/revisions"}],"predecessor-version":[{"id":868,"href":"https:\/\/ensmonteros-tuc.infd.edu.ar\/sitio\/wp-json\/wp\/v2\/pages\/751\/revisions\/868"}],"wp:attachment":[{"href":"https:\/\/ensmonteros-tuc.infd.edu.ar\/sitio\/wp-json\/wp\/v2\/media?parent=751"}],"curies":[{"name":"wp","href":"https:\/\/api.w.org\/{rel}","templated":true}]}}