{"id":749,"date":"2018-08-31T17:01:28","date_gmt":"2018-08-31T20:01:28","guid":{"rendered":"https:\/\/ensmonteros-tuc.infd.edu.ar\/sitio\/plan-de-estudios-2\/"},"modified":"2020-11-21T16:31:02","modified_gmt":"2020-11-21T19:31:02","slug":"plan-de-estudios-2","status":"publish","type":"page","link":"https:\/\/ensmonteros-tuc.infd.edu.ar\/sitio\/plan-de-estudios-2\/","title":{"rendered":"Plan de estudios: Profesorado Sec. en Lengua y Literatura"},"content":{"rendered":"<p><span style=\"font-size: small;\">Profesorado Secundario en Lengua y Literatura <\/span><\/p>\n<table>\n<tbody>\n<tr>\n<td width=\"384\"><strong>Unidades Curriculares <\/strong><\/p>\n<p><strong>Primer a\u00f1o<\/strong><\/td>\n<td width=\"60\"><strong>Anual<\/strong><\/td>\n<td width=\"76\"><strong>1\u00b0 Cuat.<\/strong><\/td>\n<td width=\"76\"><strong>2\u00b0Cuat.<\/strong><\/td>\n<\/tr>\n<tr>\n<td width=\"384\">Pedagog\u00eda<\/td>\n<td width=\"60\"><\/td>\n<td width=\"76\"><strong>\u00b7<\/strong><\/td>\n<td width=\"76\"><\/td>\n<\/tr>\n<tr>\n<td width=\"384\">Did\u00e1ctica General<\/td>\n<td width=\"60\"><\/td>\n<td width=\"76\"><\/td>\n<td width=\"76\"><strong>\u00b7<\/strong><\/td>\n<\/tr>\n<tr>\n<td width=\"384\">Psicolog\u00eda Educacional<\/td>\n<td width=\"60\"><strong>\u00b7<\/strong><\/td>\n<td width=\"76\"><\/td>\n<td width=\"76\"><\/td>\n<\/tr>\n<tr>\n<td width=\"384\">Lectura Escritura y Oralidad<\/td>\n<td width=\"60\"><strong>\u00b7<\/strong><\/td>\n<td width=\"76\"><\/td>\n<td width=\"76\"><\/td>\n<\/tr>\n<tr>\n<td width=\"384\">EDI<\/td>\n<td width=\"60\"><strong>\u00b7<\/strong><\/td>\n<td width=\"76\"><\/td>\n<td width=\"76\"><\/td>\n<\/tr>\n<tr>\n<td width=\"384\">Problem\u00e1tica de la Educaci\u00f3n Secundaria<\/td>\n<td width=\"60\"><strong>\u00b7<\/strong><\/td>\n<td width=\"76\"><\/td>\n<td width=\"76\"><\/td>\n<\/tr>\n<tr>\n<td width=\"384\">Introducci\u00f3n a las Ciencias del Lenguaje<\/td>\n<td width=\"60\"><strong>\u00b7<\/strong><\/td>\n<td width=\"76\"><\/td>\n<td width=\"76\"><\/td>\n<\/tr>\n<tr>\n<td width=\"384\">Introducci\u00f3n a los Estudios Literarios<\/td>\n<td width=\"60\"><strong>\u00b7<\/strong><\/td>\n<td width=\"76\"><\/td>\n<td width=\"76\"><\/td>\n<\/tr>\n<tr>\n<td width=\"384\">Gram\u00e1tica Normativa y gram\u00e1tica Socioculturales I<\/td>\n<td width=\"60\"><strong>\u00b7<\/strong><\/td>\n<td width=\"76\"><\/td>\n<td width=\"76\"><\/td>\n<\/tr>\n<tr>\n<td width=\"384\">Pr\u00e1ctica Profesional I<\/td>\n<td width=\"60\"><strong>\u00b7<\/strong><\/td>\n<td width=\"76\"><\/td>\n<td width=\"76\"><\/td>\n<\/tr>\n<tr>\n<td width=\"384\">Segundo A\u00f1o<\/td>\n<td width=\"60\"><\/td>\n<td width=\"76\"><\/td>\n<td width=\"76\"><\/td>\n<\/tr>\n<tr>\n<td width=\"384\">Historia y Pol\u00edtica educacional argentina<\/td>\n<td width=\"60\"><strong>\u00b7<\/strong><\/td>\n<td width=\"76\"><\/td>\n<td width=\"76\"><\/td>\n<\/tr>\n<tr>\n<td width=\"384\">Sociolog\u00eda de la Educaci\u00f3n<\/td>\n<td width=\"60\"><\/td>\n<td width=\"76\"><strong>\u00b7<\/strong><\/td>\n<td width=\"76\"><\/td>\n<\/tr>\n<tr>\n<td width=\"384\">Tecnolog\u00eda de la informaci\u00f3n y la Comunicaci\u00f3n<\/td>\n<td width=\"60\"><\/td>\n<td width=\"76\"><\/td>\n<td width=\"76\"><strong>\u00b7<\/strong><\/td>\n<\/tr>\n<tr>\n<td width=\"384\">Did\u00e1ctica de la Lengua y la Literatura<\/td>\n<td width=\"60\"><strong>\u00b7<\/strong><\/td>\n<td width=\"76\"><\/td>\n<td width=\"76\"><\/td>\n<\/tr>\n<tr>\n<td width=\"384\">Sujeto de la Educaci\u00f3n Secundaria<\/td>\n<td width=\"60\"><strong>\u00b7<\/strong><\/td>\n<td width=\"76\"><\/td>\n<td width=\"76\"><\/td>\n<\/tr>\n<tr>\n<td width=\"384\">Ciencias del Lenguaje<\/td>\n<td width=\"60\"><strong>\u00b7<\/strong><\/td>\n<td width=\"76\"><\/td>\n<td width=\"76\"><\/td>\n<\/tr>\n<tr>\n<td width=\"384\">Literatura Argentina I<\/td>\n<td width=\"60\"><strong>\u00b7<\/strong><\/td>\n<td width=\"76\"><\/td>\n<td width=\"76\"><\/td>\n<\/tr>\n<tr>\n<td width=\"384\">Literatura latinoamericana I<\/td>\n<td width=\"60\"><strong>\u00b7<\/strong><\/td>\n<td width=\"76\"><\/td>\n<td width=\"76\"><\/td>\n<\/tr>\n<tr>\n<td width=\"384\">Gram\u00e1tica Normativa y gram\u00e1tica Socioculturales II<\/td>\n<td width=\"60\"><strong>\u00b7<\/strong><\/td>\n<td width=\"76\"><\/td>\n<td width=\"76\"><\/td>\n<\/tr>\n<tr>\n<td width=\"384\">Pr\u00e1ctica Profesional II<\/td>\n<td width=\"60\"><strong>\u00b7<\/strong><\/td>\n<td width=\"76\"><\/td>\n<td width=\"76\"><\/td>\n<\/tr>\n<tr>\n<td width=\"384\"><strong><em>Tercer a\u00f1o<\/em><\/strong><\/td>\n<td width=\"60\"><\/td>\n<td width=\"76\"><\/td>\n<td width=\"76\"><\/td>\n<\/tr>\n<tr>\n<td width=\"384\">Filosof\u00eda de la Educaci\u00f3n<\/td>\n<td width=\"60\"><\/td>\n<td width=\"76\"><strong>\u00b7<\/strong><\/td>\n<td width=\"76\"><\/td>\n<\/tr>\n<tr>\n<td width=\"384\">Formaci\u00f3n \u00e9tica y Ciudadana<\/td>\n<td width=\"60\"><\/td>\n<td width=\"76\"><\/td>\n<td width=\"76\"><strong>\u00b7<\/strong><\/td>\n<\/tr>\n<tr>\n<td width=\"384\">Did\u00e1ctica de la Lengua y la Literatura II<\/td>\n<td width=\"60\"><strong>\u00b7<\/strong><\/td>\n<td width=\"76\"><\/td>\n<td width=\"76\"><\/td>\n<\/tr>\n<tr>\n<td width=\"384\">Producci\u00f3n de recursos did\u00e1cticos y digitales para la ense\u00f1anza<\/td>\n<td width=\"60\"><strong>\u00b7<\/strong><\/td>\n<td width=\"76\"><\/td>\n<td width=\"76\"><\/td>\n<\/tr>\n<tr>\n<td width=\"384\">Literatura Argentina II<\/td>\n<td width=\"60\"><strong>\u00b7<\/strong><\/td>\n<td width=\"76\"><\/td>\n<td width=\"76\"><\/td>\n<\/tr>\n<tr>\n<td width=\"384\">Literatura latinoamericana II<\/td>\n<td width=\"60\"><strong>\u00b7<\/strong><\/td>\n<td width=\"76\"><\/td>\n<td width=\"76\"><\/td>\n<\/tr>\n<tr>\n<td width=\"384\">EDI<\/td>\n<td width=\"60\"><strong>\u00b7<\/strong><\/td>\n<td width=\"76\"><\/td>\n<td width=\"76\"><\/td>\n<\/tr>\n<tr>\n<td width=\"384\">An\u00e1lisis del discurso<\/td>\n<td width=\"60\"><strong>\u00b7<\/strong><\/td>\n<td width=\"76\"><\/td>\n<td width=\"76\"><\/td>\n<\/tr>\n<tr>\n<td width=\"384\">Practicas discursivas, cultura e identidad<\/td>\n<td width=\"60\"><strong>\u00b7<\/strong><\/td>\n<td width=\"76\"><\/td>\n<td width=\"76\"><\/td>\n<\/tr>\n<tr>\n<td width=\"384\">Literatura y cultura cl\u00e1sica<\/td>\n<td width=\"60\"><strong>\u00b7<\/strong><\/td>\n<td width=\"76\"><\/td>\n<td width=\"76\"><\/td>\n<\/tr>\n<tr>\n<td width=\"384\">Pr\u00e1ctica Profesional III en el Ciclo B\u00e1sico del Nivel Secundario<\/td>\n<td width=\"60\"><strong>\u00b7<\/strong><\/td>\n<td width=\"76\"><\/td>\n<td width=\"76\"><\/td>\n<\/tr>\n<tr>\n<td width=\"384\"><strong>Cuarto A\u00f1o<\/strong><\/td>\n<td width=\"60\"><\/td>\n<td width=\"76\"><\/td>\n<td width=\"76\"><\/td>\n<\/tr>\n<tr>\n<td width=\"384\">Educaci\u00f3n Sexual Integral<\/td>\n<td width=\"60\"><strong>\u00b7<\/strong><\/td>\n<td width=\"76\"><\/td>\n<td width=\"76\"><\/td>\n<\/tr>\n<tr>\n<td width=\"384\">EDI<\/td>\n<td width=\"60\"><strong>\u00b7<\/strong><\/td>\n<td width=\"76\"><\/td>\n<td width=\"76\"><\/td>\n<\/tr>\n<tr>\n<td width=\"384\">Did\u00e1ctica de la Lengua y la Literatura III<\/td>\n<td width=\"60\"><strong>\u00b7<\/strong><\/td>\n<td width=\"76\"><\/td>\n<td width=\"76\"><\/td>\n<\/tr>\n<tr>\n<td width=\"384\">Teor\u00eda y an\u00e1lisis literarios y culturales<\/td>\n<td width=\"60\"><strong>\u00b7<\/strong><\/td>\n<td width=\"76\"><\/td>\n<td width=\"76\"><\/td>\n<\/tr>\n<tr>\n<td width=\"384\">Literaturas del NOA<\/td>\n<td width=\"60\"><strong>\u00b7<\/strong><\/td>\n<td width=\"76\"><\/td>\n<td width=\"76\"><\/td>\n<\/tr>\n<tr>\n<td width=\"384\">Lengua y cultura de los pueblos originario<\/td>\n<td width=\"60\"><strong>\u00b7<\/strong><\/td>\n<td width=\"76\"><\/td>\n<td width=\"76\"><\/td>\n<\/tr>\n<tr>\n<td width=\"384\">Literatura Infantojuvenil<\/td>\n<td width=\"60\"><strong>\u00b7<\/strong><\/td>\n<td width=\"76\"><\/td>\n<td width=\"76\"><\/td>\n<\/tr>\n<tr>\n<td width=\"384\">EDI<\/td>\n<td width=\"60\"><strong>\u00b7<\/strong><\/td>\n<td width=\"76\"><\/td>\n<td width=\"76\"><\/td>\n<\/tr>\n<tr>\n<td width=\"384\">Literatura extranjeras (espa\u00f1olas, inglesa, francesa)<\/td>\n<td width=\"60\"><strong>\u00b7<\/strong><\/td>\n<td width=\"76\"><\/td>\n<td width=\"76\"><\/td>\n<\/tr>\n<tr>\n<td width=\"384\">Pr\u00e1ctica Profesional IV y Residencia Docente en el Ciclo Orientado del Nivel Secundario<\/td>\n<td width=\"60\"><strong>\u00b7<\/strong><\/td>\n<td width=\"76\"><\/td>\n<td width=\"76\"><\/td>\n<\/tr>\n<\/tbody>\n<\/table>\n","protected":false},"excerpt":{"rendered":"<p>Profesorado Secundario en Lengua y Literatura Unidades Curriculares Primer a\u00f1o Anual 1\u00b0 Cuat. 2\u00b0Cuat. Pedagog\u00eda \u00b7 Did\u00e1ctica General \u00b7 Psicolog\u00eda Educacional \u00b7 Lectura Escritura y Oralidad \u00b7 EDI \u00b7 Problem\u00e1tica de la Educaci\u00f3n Secundaria \u00b7 Introducci\u00f3n a las Ciencias del Lenguaje \u00b7 Introducci\u00f3n a los Estudios Literarios \u00b7 Gram\u00e1tica Normativa y gram\u00e1tica Socioculturales I \u00b7 &#8230; <a title=\"Plan de estudios: Profesorado Sec. en Lengua y Literatura\" class=\"read-more\" href=\"https:\/\/ensmonteros-tuc.infd.edu.ar\/sitio\/plan-de-estudios-2\/\" aria-label=\"More on Plan de estudios: Profesorado Sec. en Lengua y Literatura\">[+]<\/a><\/p>\n","protected":false},"author":15,"featured_media":0,"parent":0,"menu_order":0,"comment_status":"closed","ping_status":"closed","template":"","meta":[],"acf":[],"_links":{"self":[{"href":"https:\/\/ensmonteros-tuc.infd.edu.ar\/sitio\/wp-json\/wp\/v2\/pages\/749"}],"collection":[{"href":"https:\/\/ensmonteros-tuc.infd.edu.ar\/sitio\/wp-json\/wp\/v2\/pages"}],"about":[{"href":"https:\/\/ensmonteros-tuc.infd.edu.ar\/sitio\/wp-json\/wp\/v2\/types\/page"}],"author":[{"embeddable":true,"href":"https:\/\/ensmonteros-tuc.infd.edu.ar\/sitio\/wp-json\/wp\/v2\/users\/15"}],"replies":[{"embeddable":true,"href":"https:\/\/ensmonteros-tuc.infd.edu.ar\/sitio\/wp-json\/wp\/v2\/comments?post=749"}],"version-history":[{"count":4,"href":"https:\/\/ensmonteros-tuc.infd.edu.ar\/sitio\/wp-json\/wp\/v2\/pages\/749\/revisions"}],"predecessor-version":[{"id":859,"href":"https:\/\/ensmonteros-tuc.infd.edu.ar\/sitio\/wp-json\/wp\/v2\/pages\/749\/revisions\/859"}],"wp:attachment":[{"href":"https:\/\/ensmonteros-tuc.infd.edu.ar\/sitio\/wp-json\/wp\/v2\/media?parent=749"}],"curies":[{"name":"wp","href":"https:\/\/api.w.org\/{rel}","templated":true}]}}