{"id":744,"date":"2018-08-31T17:01:26","date_gmt":"2018-08-31T20:01:26","guid":{"rendered":"https:\/\/ensmonteros-tuc.infd.edu.ar\/sitio\/datos-institucionales\/"},"modified":"2021-03-18T23:51:05","modified_gmt":"2021-03-19T02:51:05","slug":"datos-institucionales","status":"publish","type":"page","link":"https:\/\/ensmonteros-tuc.infd.edu.ar\/sitio\/datos-institucionales\/","title":{"rendered":"Datos institucionales"},"content":{"rendered":"<blockquote>\n<h3><span style=\"font-size: small; color: #0000ff; font-family: book antiqua,palatino;\"><em><strong>ESCUELA NORMAL SUPERIOR Tte. Gral. JULIO ARGENTINO ROCA<\/strong><\/em><\/span><\/h3>\n<p><span style=\"font-size: small; color: #0000ff; font-family: book antiqua,palatino;\"><em><strong><img decoding=\"async\" loading=\"lazy\" class=\"\" title=\"Frente escuela\" src=\"https:\/\/ensmonteros-tuc.infd.edu.ar\/sitio\/wp-content\/uploads\/2018\/08\/foto_esc_1.png\" alt=\"Frente escuela\" width=\"275\" height=\"176\" border=\"0\" \/><\/strong><\/em><\/span><\/p>\n<h4><span style=\"font-size: x-small; font-family: verdana;\"><strong>Horarios de atencion:\u00a0\u00a0 <\/strong>\u00a0<strong>7.45 a 12.05<\/strong><\/span><\/h4>\n<h4><span style=\"font-size: x-small;\">\u00a0\u00a0\u00a0\u00a0\u00a0\u00a0\u00a0\u00a0\u00a0\u00a0\u00a0\u00a0\u00a0\u00a0\u00a0\u00a0\u00a0\u00a0\u00a0\u00a0\u00a0\u00a0\u00a0\u00a0\u00a0\u00a0\u00a0\u00a0\u00a0\u00a0\u00a0\u00a0\u00a0\u00a0\u00a0\u00a0\u00a0\u00a0\u00a0\u00a0\u00a0\u00a0<strong>\u00a013.15 a 17.35<\/strong><\/span><\/h4>\n<h4><span style=\"font-size: x-small;\"><strong>18.00 a 23:0<\/strong>0<\/span><\/h4>\n<h4><span style=\"font-size: x-small;\"><strong>Direcci\u00f3n:<\/strong> <strong>24 de Septiembre N\u00ba 158 &#8211; (4142) Monteros &#8211; Tucum\u00e1n<\/strong><\/span><\/h4>\n<h4><span style=\"font-size: x-small;\"><strong>Tel\u00e9fono:<\/strong> <strong>(03863) 428808<\/strong><\/span><\/h4>\n<p><span style=\"font-size: x-small;\"><strong>Consultas:<\/strong><\/span><\/p>\n<table style=\"width: 100%;\" border=\"0\">\n<tbody>\n<tr>\n<td align=\"left\" valign=\"middle\">\n<h3><span class=\"Estilo39\"><span style=\"font-size: x-small; font-family: Arial;\">Rector:<\/span><\/span><\/h3>\n<\/td>\n<td align=\"left\" valign=\"middle\"><\/td>\n<\/tr>\n<tr>\n<td align=\"left\" valign=\"middle\">\n<h3><span class=\"Estilo39\"><span style=\"font-size: x-small; font-family: Arial;\">Vice-rectora<\/span><\/span><\/h3>\n<\/td>\n<td align=\"left\" valign=\"middle\">\n<h3><span class=\"Estilo39\"><span style=\"font-size: x-small; font-family: Arial;\">normalsuperioroca@gmail.com<\/span><\/span><\/h3>\n<\/td>\n<\/tr>\n<tr>\n<td align=\"left\" valign=\"middle\">\n<h3><span class=\"Estilo39\"><span style=\"font-size: x-small; font-family: Arial;\">Regencia Dpto. Aplicaci\u00f3n<\/span><\/span><\/h3>\n<\/td>\n<td align=\"left\" valign=\"middle\">\n<h3><span class=\"Estilo39\"><span style=\"font-size: x-small; font-family: Arial;\">depto.de.aplicacion.monteros@gmail.com<\/span><\/span><\/h3>\n<\/td>\n<\/tr>\n<tr>\n<td align=\"left\" valign=\"middle\">\n<h3><span class=\"Estilo39\"><span style=\"font-size: x-small; font-family: Arial;\">Direcci\u00f3n Jardin<\/span><\/span><\/h3>\n<\/td>\n<td align=\"left\" valign=\"middle\"><\/td>\n<\/tr>\n<tr>\n<td align=\"left\" valign=\"middle\">\n<h3><span class=\"Estilo39\"><span style=\"font-size: x-small; font-family: Arial;\">Regencia Niv. Terciario<\/span><\/span><\/h3>\n<\/td>\n<td align=\"left\" valign=\"middle\">\n<h3><span style=\"font-family: Arial; font-size: xx-small;\">escnormalterciario@gmail.com<\/span><\/h3>\n<\/td>\n<\/tr>\n<tr>\n<td align=\"left\" valign=\"middle\">\n<h3><span class=\"Estilo39\"><span style=\"font-size: x-small; font-family: Arial;\">Dpto. Expresi\u00f3n<\/span><\/span><\/h3>\n<\/td>\n<td align=\"left\" valign=\"middle\"><\/td>\n<\/tr>\n<tr>\n<td align=\"left\" valign=\"middle\">\n<h3><span class=\"Estilo39\"><span style=\"font-size: x-small; font-family: Arial;\">Dpto. Cs. Naturales<\/span><\/span><\/h3>\n<\/td>\n<td align=\"left\" valign=\"middle\">\n<h3><span class=\"Estilo39\"><span style=\"font-size: x-small; font-family: Arial;\">depto_naturales@normaldemonteros.com.ar<\/span><\/span><\/h3>\n<\/td>\n<\/tr>\n<tr>\n<td align=\"left\" valign=\"middle\">\n<h3><span class=\"Estilo39\"><span style=\"font-size: x-small; font-family: Arial;\">Dpto. Cs. Sociales<\/span><\/span><\/h3>\n<\/td>\n<td align=\"left\" valign=\"middle\">\n<h3><span class=\"Estilo39\"><span style=\"font-size: x-small; font-family: Arial;\">depto_sociales@normaldemonteros.com.ar<\/span><\/span><\/h3>\n<\/td>\n<\/tr>\n<tr>\n<td align=\"left\" valign=\"middle\">\n<h3><span class=\"Estilo39\"><span style=\"font-size: x-small; font-family: Arial;\">Dpto. Matem\u00e1ticas<\/span><\/span><\/h3>\n<\/td>\n<td align=\"left\" valign=\"middle\">\n<h3><span class=\"Estilo39\"><span style=\"font-size: x-small; font-family: Arial;\">depto_matematicas@normaldemonteros.com.ar<\/span><\/span><\/h3>\n<\/td>\n<\/tr>\n<tr>\n<td align=\"left\" valign=\"middle\">\n<h3><span class=\"Estilo39\"><span style=\"font-size: x-small; font-family: Arial;\">Dpto. Educ. F\u00ccsica<\/span><\/span><\/h3>\n<\/td>\n<td align=\"left\" valign=\"middle\">\n<h3><span class=\"Estilo39\"><span style=\"font-size: x-small; font-family: Arial;\">depto_educ_fisica@normaldemonteros.com.ar<\/span><\/span><\/h3>\n<\/td>\n<\/tr>\n<tr>\n<td align=\"left\" valign=\"middle\">\n<h3><span class=\"Estilo39\"><span style=\"font-size: x-small; font-family: Arial;\">Dpto. Lengua<\/span><\/span><\/h3>\n<\/td>\n<td align=\"left\" valign=\"middle\">\n<h3><span class=\"Estilo39\"><span style=\"font-size: x-small; font-family: Arial;\">depto_lengua@normaldemonteros.com.ar<\/span><\/span><\/h3>\n<\/td>\n<\/tr>\n<tr>\n<td align=\"left\" valign=\"middle\">\n<h3><span style=\"font-family: Arial; font-size: xx-small;\">Facebook<\/span><\/h3>\n<\/td>\n<td align=\"left\" valign=\"middle\">\n<h3><span class=\"Estilo39\"><span style=\"font-size: x-small; font-family: Arial;\">Escuela Normal Sup. Julio A. Roca<\/span><\/span><\/h3>\n<\/td>\n<\/tr>\n<tr>\n<td align=\"left\" valign=\"middle\">\n<h3><span class=\"Estilo39\"><span style=\"font-size: x-small; font-family: Arial;\">Capacitaci\u00f3n &#8211; Terciario<\/span><\/span><\/h3>\n<\/td>\n<td align=\"left\" valign=\"middle\">\n<h3><span style=\"font-family: Arial; font-size: xx-small;\">escnormalterciario@gmail.com<\/span><\/h3>\n<\/td>\n<\/tr>\n<tr>\n<td align=\"left\" valign=\"middle\">\n<h3><span class=\"Estilo39\"><span style=\"font-size: x-small; font-family: Arial;\">Grado &#8211; Terciario<\/span><\/span><\/h3>\n<\/td>\n<td align=\"left\" valign=\"middle\">\n<h3><span style=\"font-family: Arial; font-size: xx-small;\">escnormalterciario@gmail.com<\/span><\/h3>\n<\/td>\n<\/tr>\n<tr>\n<td align=\"left\" valign=\"middle\">\n<h3><span class=\"Estilo39\"><span style=\"font-size: x-small; font-family: Arial;\">Coordinaci\u00f3n Carreras<\/span><\/span><\/h3>\n<\/td>\n<td align=\"left\" valign=\"middle\">\n<h3><span class=\"Estilo39\"><span style=\"font-size: x-small; font-family: Arial;\"><a href=\"mailto:coordinacion@normaldemonteros.com.ar\">coordinacion@normaldemonteros.com.ar<\/a><\/span><\/span><\/h3>\n<\/td>\n<\/tr>\n<\/tbody>\n<\/table>\n<h3><span style=\"font-size: x-small; font-family: verdana;\"><strong>URL:<\/strong> <a href=\"about:blank\">http:\/\/ensmonteros.tuc.infd.edu.ar\/sitio\/<\/a><\/span><\/h3>\n<\/blockquote>\n","protected":false},"excerpt":{"rendered":"<p>ESCUELA NORMAL SUPERIOR Tte. Gral. JULIO ARGENTINO ROCA Horarios de atencion:\u00a0\u00a0 \u00a07.45 a 12.05 \u00a0\u00a0\u00a0\u00a0\u00a0\u00a0\u00a0\u00a0\u00a0\u00a0\u00a0\u00a0\u00a0\u00a0\u00a0\u00a0\u00a0\u00a0\u00a0\u00a0\u00a0\u00a0\u00a0\u00a0\u00a0\u00a0\u00a0\u00a0\u00a0\u00a0\u00a0\u00a0\u00a0\u00a0\u00a0\u00a0\u00a0\u00a0\u00a0\u00a0\u00a0\u00a0\u00a013.15 a 17.35 18.00 a 23:00 Direcci\u00f3n: 24 de Septiembre N\u00ba 158 &#8211; (4142) Monteros &#8211; Tucum\u00e1n Tel\u00e9fono: (03863) 428808 Consultas: Rector: Vice-rectora normalsuperioroca@gmail.com Regencia Dpto. Aplicaci\u00f3n depto.de.aplicacion.monteros@gmail.com Direcci\u00f3n Jardin Regencia Niv. Terciario escnormalterciario@gmail.com Dpto. Expresi\u00f3n Dpto. Cs. Naturales depto_naturales@normaldemonteros.com.ar Dpto. &#8230; <a title=\"Datos institucionales\" class=\"read-more\" href=\"https:\/\/ensmonteros-tuc.infd.edu.ar\/sitio\/datos-institucionales\/\" aria-label=\"More on Datos institucionales\">[+]<\/a><\/p>\n","protected":false},"author":15,"featured_media":0,"parent":0,"menu_order":0,"comment_status":"closed","ping_status":"closed","template":"","meta":[],"acf":[],"_links":{"self":[{"href":"https:\/\/ensmonteros-tuc.infd.edu.ar\/sitio\/wp-json\/wp\/v2\/pages\/744"}],"collection":[{"href":"https:\/\/ensmonteros-tuc.infd.edu.ar\/sitio\/wp-json\/wp\/v2\/pages"}],"about":[{"href":"https:\/\/ensmonteros-tuc.infd.edu.ar\/sitio\/wp-json\/wp\/v2\/types\/page"}],"author":[{"embeddable":true,"href":"https:\/\/ensmonteros-tuc.infd.edu.ar\/sitio\/wp-json\/wp\/v2\/users\/15"}],"replies":[{"embeddable":true,"href":"https:\/\/ensmonteros-tuc.infd.edu.ar\/sitio\/wp-json\/wp\/v2\/comments?post=744"}],"version-history":[{"count":8,"href":"https:\/\/ensmonteros-tuc.infd.edu.ar\/sitio\/wp-json\/wp\/v2\/pages\/744\/revisions"}],"predecessor-version":[{"id":892,"href":"https:\/\/ensmonteros-tuc.infd.edu.ar\/sitio\/wp-json\/wp\/v2\/pages\/744\/revisions\/892"}],"wp:attachment":[{"href":"https:\/\/ensmonteros-tuc.infd.edu.ar\/sitio\/wp-json\/wp\/v2\/media?parent=744"}],"curies":[{"name":"wp","href":"https:\/\/api.w.org\/{rel}","templated":true}]}}