{"id":286,"date":"2016-10-31T13:17:59","date_gmt":"2016-10-31T16:17:59","guid":{"rendered":"https:\/\/ensmonteros-tuc.infd.edu.ar\/sitio\/?page_id=286"},"modified":"2023-11-16T18:19:35","modified_gmt":"2023-11-16T21:19:35","slug":"inicio","status":"publish","type":"page","link":"https:\/\/ensmonteros-tuc.infd.edu.ar\/sitio\/","title":{"rendered":"Inicio"},"content":{"rendered":"<h4 style=\"text-align: center;\"><\/h4>\n<h1 style=\"text-align: center;\">Escuela Normal Superior Julio A. Roca<\/h1>\n<h1 style=\"text-align: center;\">Nivel Superior<\/h1>\n<h3><\/h3>\n<h3 style=\"text-align: left;\">En este Link se encuentra informaci\u00f3n de Oferta acad\u00e9mica\u00a0 de las 3 Carreras que se dictan en nuestra Instituci\u00f3n Educativa.<\/h3>\n<h1><a href=\"https:\/\/docs.google.com\/document\/d\/1YOP64-XqlaDpEiUPBvfA4beSG11BTnkA\/edit?usp=sharing&amp;ouid=101498758239395174637&amp;rtpof=true&amp;sd=true\">Link de Oferta Educativa 2024<\/a><\/h1>\n<h2>Aqu\u00ed podes ver algunas actividades que se desarrollaron en el presente periodo lectivo, alumnos en nuestra Instituci\u00f3n:<\/h2>\n<h2><a href=\"https:\/\/www.normaldemonteros.com\/\">Actividades 2023<\/a><\/h2>\n<h4><\/h4>\n<p><img decoding=\"async\" loading=\"lazy\" class=\"alignnone size-medium wp-image-813\" src=\"https:\/\/ensmonteros-tuc.infd.edu.ar\/sitio\/wp-content\/uploads\/2020\/11\/IMG_5967-1000x667.jpg\" alt=\"\" width=\"1000\" height=\"667\" srcset=\"https:\/\/ensmonteros-tuc.infd.edu.ar\/sitio\/wp-content\/uploads\/2020\/11\/IMG_5967-1000x667.jpg 1000w, https:\/\/ensmonteros-tuc.infd.edu.ar\/sitio\/wp-content\/uploads\/2020\/11\/IMG_5967-768x512.jpg 768w, https:\/\/ensmonteros-tuc.infd.edu.ar\/sitio\/wp-content\/uploads\/2020\/11\/IMG_5967.jpg 1284w\" sizes=\"(max-width: 1000px) 100vw, 1000px\" \/><\/p>\n<h1 style=\"text-align: center;\"><strong>Escuela Normal Julio A Roca<\/strong><\/h1>\n<h1 style=\"text-align: center;\"><strong>Nivel Superior<\/strong><\/h1>\n<h3>Los d\u00edas Lunes y Martes se recibir\u00e1n solicitud de Alumno Regular y de Solicitud de Titulo en tr\u00e1mite, a partir de 18:30 hs a 21:00 en preceptor\u00eda.<\/h3>\n<h3><strong>\u00a0<\/strong><strong>Los d\u00edas viernes se realizara la entrega de los mismos. <\/strong><\/h3>\n<h3><strong>Para realizar cualquier tipo de tramite traer lapicera,\u00a0 respondiendo al protocolo establecido por el COE<\/strong><\/h3>\n<h4>E-mail: escnormalterciario@gmail.com<\/h4>\n<h4><div id=\"metaslider-id-403\" style=\"width: 100%;\" class=\"ml-slider-3-33-0 metaslider metaslider-flex metaslider-403 ml-slider ms-theme-default\" role=\"region\" aria-roledescription=\"Slideshow\" aria-label=\"Slideshow\">\n    <div id=\"metaslider_container_403\">\n        <div id=\"metaslider_403\" class=\"flexslider\">\n            <ul aria-live=\"polite\" class=\"slides\">\n                <li style=\"display: block; width: 100%;\" class=\"slide-607 ms-image\" aria-roledescription=\"slide\" aria-label=\"slide-607\"><a href=\"https:\/\/mapa.infd.edu.ar\/\" target=\"_blank\"><img src=\"https:\/\/ensmonteros-tuc.infd.edu.ar\/sitio\/wp-content\/uploads\/2018\/06\/mapa_infd6-1100x200.png\" height=\"200\" width=\"1100\" alt=\"\" class=\"slider-403 slide-607\" title=\"mapa_infd6\" \/><\/a><\/li>\n                <li style=\"display: none; width: 100%;\" class=\"slide-609 ms-image\" aria-roledescription=\"slide\" aria-label=\"slide-609\"><a href=\"https:\/\/www.argentina.gob.ar\/educacion\/becas\" target=\"_blank\"><img src=\"https:\/\/ensmonteros-tuc.infd.edu.ar\/sitio\/wp-content\/uploads\/2018\/06\/becas7-1100x200.png\" height=\"200\" width=\"1100\" alt=\"\" class=\"slider-403 slide-609\" title=\"becas7\" \/><\/a><\/li>\n                <li style=\"display: none; width: 100%;\" class=\"slide-635 ms-image\" aria-roledescription=\"slide\" aria-label=\"slide-635\"><a href=\"https:\/\/www.argentina.gob.ar\/tema\/estudiar\/formacion-docencia\" target=\"_blank\"><img src=\"https:\/\/ensmonteros-tuc.infd.edu.ar\/sitio\/wp-content\/uploads\/2018\/06\/convocatorias_slide6-1-1100x200.png\" height=\"200\" width=\"1100\" alt=\"\" class=\"slider-403 slide-635\" title=\"convocatorias_slide6-1\" \/><\/a><\/li>\n            <\/ul>\n        <\/div>\n        \n    <\/div>\n<\/div><\/h4>\n<h4><\/h4>\n<h4 style=\"text-align: center;\"><img decoding=\"async\" loading=\"lazy\" class=\"alignnone wp-image-825\" src=\"https:\/\/ensmonteros-tuc.infd.edu.ar\/sitio\/wp-content\/uploads\/2020\/11\/Screenshot_20201121-152928-618x1000.png\" alt=\"\" width=\"618\" height=\"1000\" srcset=\"https:\/\/ensmonteros-tuc.infd.edu.ar\/sitio\/wp-content\/uploads\/2020\/11\/Screenshot_20201121-152928-618x1000.png 618w, https:\/\/ensmonteros-tuc.infd.edu.ar\/sitio\/wp-content\/uploads\/2020\/11\/Screenshot_20201121-152928.png 760w\" sizes=\"(max-width: 618px) 100vw, 618px\" \/><\/h4>\n<h1 style=\"text-align: center;\">Preinscripci\u00f3n a primer a\u00f1o del nivel superior<\/h1>\n<h1 style=\"text-align: center;\">Periodo desde 01 de diciembre al 15 de diciembre de 2020<\/h1>\n<ul>\n<li><strong><em>Se Informa:<\/em>\u00a0 <\/strong><\/li>\n<li><strong>Que en el d\u00eda de la fecha, (03-12-20) se completo el cupo de preinscripci\u00f3n de la carrera de Nivel Inicial, de 70 vacantes de acuerdo a lo estipulado por la normativa.<\/strong><\/li>\n<li><strong> Queda habilitada la preinscripci\u00f3n para el resto de las carreras de profesorado de Educaci\u00f3n Primaria y de Educaci\u00f3n Secundaria en Lengua y Literatura hasta completar las vacantes previstas<\/strong>.<\/li>\n<li><\/li>\n<li><strong>La Instituci\u00f3n establece un cupo de 70 vacantes para el primer a\u00f1o de todas las carreras.<\/strong> \u201d<em><b> Art 3 RAM\u00a0 R.M N\u00b0 1269\/5. -RAI\u00a0 (Disposici\u00f3n\u00a0DES 12\/5)<\/b><\/em><\/li>\n<\/ul>\n<p>Los alumnos que registren la pre inscripci\u00f3n en el primer a\u00f1o deben enviar copia digital de su DNI y de t\u00edtulo en tramite o titulo de nivel medio. Quienes todav\u00eda est\u00e1n cursando sexto a\u00f1o deben presentar constancia de alumno regular\u00a0 hasta tanto finalice el ciclo lectivo.<\/p>\n<p>La documentaci\u00f3n debe ser enviada al correo escnormalterciario@gmail.com indicando en el asunto el nombre de la carrera en el que se inscribi\u00f3.<\/p>\n<p>La fecha de inicio y propuesta de trabajo del taller de ambientaci\u00f3n se dar\u00e1 a conocer por el facebook de la instituci\u00f3n y por esta p\u00e1gina web.<\/p>\n<p>Se recuerda que el cursado y aprobaci\u00f3n del taller es requisito para la inscripci\u00f3n definitiva de la carrera<\/p>\n<p><a href=\"https:\/\/docs.google.com\/forms\/d\/e\/1FAIpQLSfuFy7cpgFd1B8y8odrc7yRTcs5nsaz-tmzDe0OFYP-mLr5AA\/formResponse\">PREINSCRIPCION 1\u00b0 A\u00d1O &#8211; PROFESORADO DE EDUCACION INICIAL<\/a><\/p>\n<p><a href=\"https:\/\/docs.google.com\/forms\/d\/e\/1FAIpQLSeN5-dkYdSjbWkR_LweaqueEnAxlIzRz5y24g_eNL2SuPFZ6w\/viewform\">PREINSCRIPCION 1\u00b0 A\u00d1O &#8211; PROFESORADO DE EDUCACION SECUNDARIA EN LENGUA Y LITERATURA<\/a><\/p>\n<p><a href=\"https:\/\/docs.google.com\/forms\/d\/e\/1FAIpQLSfc0yktxsncf1Q5uHujBJVD2tfCWwZ5WSdUeFzC1PJCDhNq0g\/viewform\">PREINSCRIPCION 1\u00b0 A\u00d1O &#8211; PROFESORADO DE EDUCACION PRIMARIA<\/a><\/p>\n<p style=\"text-align: center;\"><img decoding=\"async\" loading=\"lazy\" class=\"alignnone size-medium wp-image-816\" src=\"https:\/\/ensmonteros-tuc.infd.edu.ar\/sitio\/wp-content\/uploads\/2020\/11\/FB_IMG_1496890562286-1000x354.jpg\" alt=\"\" width=\"1000\" height=\"354\" srcset=\"https:\/\/ensmonteros-tuc.infd.edu.ar\/sitio\/wp-content\/uploads\/2020\/11\/FB_IMG_1496890562286-1000x354.jpg 1000w, https:\/\/ensmonteros-tuc.infd.edu.ar\/sitio\/wp-content\/uploads\/2020\/11\/FB_IMG_1496890562286-768x272.jpg 768w, https:\/\/ensmonteros-tuc.infd.edu.ar\/sitio\/wp-content\/uploads\/2020\/11\/FB_IMG_1496890562286.jpg 1115w\" sizes=\"(max-width: 1000px) 100vw, 1000px\" \/><\/p>\n<p style=\"text-align: center;\"><img decoding=\"async\" loading=\"lazy\" title=\"mapa de ciudad\" src=\"https:\/\/ensmonteros-tuc.infd.edu.ar\/sitio\/wp-content\/uploads\/2018\/08\/monteros.jpg\" alt=\"mapa de ciudad\" width=\"358\" height=\"299\" border=\"0\" \/><\/p>\n<p><span style=\"font-size: 10pt; font-family: Verdana; color: #000000;\">Este Instituto Superior de Formaci\u00f3n Docente forma parte del sistema de educaci\u00f3n p\u00fablica de gesti\u00f3n estatal.<\/span><\/p>\n<p><span style=\"font-size: 10pt; font-family: Verdana; color: #000000;\">A trav\u00e9s de este sitio en Internet, nuestro Instituto podr\u00e1 comunicar novedades, acercar informaci\u00f3n, compartir experiencias y brindar apoyo y asesoramiento a\u00a0alumnos, docentes e interesados en formar parte de esta comunidad educativa.<\/span><\/p>\n<p><span style=\"font-size: 10pt; font-family: Verdana; color: #000000;\">Junto con varios cientos de Institutos, integramos\u00a0La Red Nacional Virtual de Institutos Superiores de Formaci\u00f3n Docente la cual conecta entre s\u00ed a todos los ISFD del pa\u00eds<\/span><\/p>\n","protected":false},"excerpt":{"rendered":"<p>Escuela Normal Superior Julio A. Roca Nivel Superior En este Link se encuentra informaci\u00f3n de Oferta acad\u00e9mica\u00a0 de las 3 Carreras que se dictan en nuestra Instituci\u00f3n Educativa. Link de Oferta Educativa 2024 Aqu\u00ed podes ver algunas actividades que se desarrollaron en el presente periodo lectivo, alumnos en nuestra Instituci\u00f3n: Actividades 2023 Escuela Normal Julio &#8230; <a title=\"Inicio\" class=\"read-more\" href=\"https:\/\/ensmonteros-tuc.infd.edu.ar\/sitio\/\" aria-label=\"More on Inicio\">[+]<\/a><\/p>\n","protected":false},"author":1,"featured_media":0,"parent":0,"menu_order":0,"comment_status":"closed","ping_status":"closed","template":"","meta":[],"acf":[],"_links":{"self":[{"href":"https:\/\/ensmonteros-tuc.infd.edu.ar\/sitio\/wp-json\/wp\/v2\/pages\/286"}],"collection":[{"href":"https:\/\/ensmonteros-tuc.infd.edu.ar\/sitio\/wp-json\/wp\/v2\/pages"}],"about":[{"href":"https:\/\/ensmonteros-tuc.infd.edu.ar\/sitio\/wp-json\/wp\/v2\/types\/page"}],"author":[{"embeddable":true,"href":"https:\/\/ensmonteros-tuc.infd.edu.ar\/sitio\/wp-json\/wp\/v2\/users\/1"}],"replies":[{"embeddable":true,"href":"https:\/\/ensmonteros-tuc.infd.edu.ar\/sitio\/wp-json\/wp\/v2\/comments?post=286"}],"version-history":[{"count":110,"href":"https:\/\/ensmonteros-tuc.infd.edu.ar\/sitio\/wp-json\/wp\/v2\/pages\/286\/revisions"}],"predecessor-version":[{"id":917,"href":"https:\/\/ensmonteros-tuc.infd.edu.ar\/sitio\/wp-json\/wp\/v2\/pages\/286\/revisions\/917"}],"wp:attachment":[{"href":"https:\/\/ensmonteros-tuc.infd.edu.ar\/sitio\/wp-json\/wp\/v2\/media?parent=286"}],"curies":[{"name":"wp","href":"https:\/\/api.w.org\/{rel}","templated":true}]}}